{"id":2753,"date":"2025-03-28T21:24:37","date_gmt":"2025-03-28T20:24:37","guid":{"rendered":"https:\/\/www.rockpodkamenom.sk\/?post_type=product&#038;p=2753"},"modified":"2025-05-10T09:47:50","modified_gmt":"2025-05-10T07:47:50","slug":"pamatna-3dnova-vstupenka-26-28-juna-2025","status":"publish","type":"product","link":"https:\/\/www.rockpodkamenom.sk\/en\/product\/pamatna-3dnova-vstupenka-26-28-juna-2025\/","title":{"rendered":"Pam\u00e4tn\u00e1 3d\u0148ov\u00e1 vstupenka 26. - 28. j\u00fana 2025"},"content":{"rendered":"<p>Trojd\u0148ov\u00e9 vstupenky  (26. - 28. j\u00fana 2025) s\u00fa platn\u00e9 na v\u0161etky 3 dni festivalu (26. - 28. j\u00fana 2025).<\/p>\n<p>K dispoz\u00edcii s\u00fa  iba papierov\u00e9 vstupenky. Pri vytv\u00e1ran\u00ed objedn\u00e1vky je potrebn\u00e9 zvoli\u0165 mo\u017enos\u0165 \"Papierov\u00e1 vstupenka - platba prevodom na \u00fa\u010det. Poplatok 5\u20ac:\" V pr\u00edpade v\u00fdberu mo\u017enosti \"Elektronick\u00e1 vstupenka - platba prevodom na \u00fa\u010det. Poplatok 0 \u20ac\" si budete m\u00f4c\u0165 vyzdvihn\u00fa\u0165 vstupenku\/vstupenky po\u010das festivalu priamo na mieste.<\/p>","protected":false},"excerpt":{"rendered":"<p>Pam\u00e4tn\u00e1 trojd\u0148ov\u00e1 vstupenka 26. - 28. j\u00fana 2025<\/p>","protected":false},"featured_media":2447,"template":"","meta":{"om_disable_all_campaigns":false,"_monsterinsights_skip_tracking":false,"_monsterinsights_sitenote_active":false,"_monsterinsights_sitenote_note":"","_monsterinsights_sitenote_category":0,"_uf_show_specific_survey":0,"_uf_disable_surveys":false,"ngg_post_thumbnail":0},"product_brand":[],"product_cat":[26],"product_tag":[],"class_list":{"0":"post-2753","1":"product","2":"type-product","3":"status-publish","4":"has-post-thumbnail","6":"product_cat-vstupenky","8":"first","9":"outofstock","10":"taxable","11":"shipping-taxable","12":"purchasable","13":"product-type-simple"},"aioseo_notices":[],"jetpack_sharing_enabled":true,"_links":{"self":[{"href":"https:\/\/www.rockpodkamenom.sk\/en\/wp-json\/wp\/v2\/product\/2753","targetHints":{"allow":["GET"]}}],"collection":[{"href":"https:\/\/www.rockpodkamenom.sk\/en\/wp-json\/wp\/v2\/product"}],"about":[{"href":"https:\/\/www.rockpodkamenom.sk\/en\/wp-json\/wp\/v2\/types\/product"}],"wp:featuredmedia":[{"embeddable":true,"href":"https:\/\/www.rockpodkamenom.sk\/en\/wp-json\/wp\/v2\/media\/2447"}],"wp:attachment":[{"href":"https:\/\/www.rockpodkamenom.sk\/en\/wp-json\/wp\/v2\/media?parent=2753"}],"wp:term":[{"taxonomy":"product_brand","embeddable":true,"href":"https:\/\/www.rockpodkamenom.sk\/en\/wp-json\/wp\/v2\/product_brand?post=2753"},{"taxonomy":"product_cat","embeddable":true,"href":"https:\/\/www.rockpodkamenom.sk\/en\/wp-json\/wp\/v2\/product_cat?post=2753"},{"taxonomy":"product_tag","embeddable":true,"href":"https:\/\/www.rockpodkamenom.sk\/en\/wp-json\/wp\/v2\/product_tag?post=2753"}],"curies":[{"name":"wp","href":"https:\/\/api.w.org\/{rel}","templated":true}]}}