{"id":2201,"date":"2024-05-02T19:59:55","date_gmt":"2024-05-02T17:59:55","guid":{"rendered":"https:\/\/www.rockpodkamenom.sk\/?post_type=product&#038;p=2201"},"modified":"2024-06-25T17:46:26","modified_gmt":"2024-06-25T15:46:26","slug":"jednodnova-vstupenka-28-juna-2024","status":"publish","type":"product","link":"https:\/\/www.rockpodkamenom.sk\/en\/product\/jednodnova-vstupenka-28-juna-2024\/","title":{"rendered":"Jednod\u0148ov\u00e1 vstupenka 28. j\u00fana 2024"},"content":{"rendered":"<p>K dispoz\u00edcii s\u00fa elektronick\u00e9 vstupenky odosielan\u00e9 na email a papierov\u00e9 vstupenky, ktor\u00e9 si m\u00f4\u017eete zak\u00fapi\u0165 aj v sie\u0165ach TICKETLIVE A TICKETPORTAL. Papierov\u00e9 vstupenky s\u00fa k dispoz\u00edcii iba do vypredania. V pr\u00edpade papierov\u00fdch vstupeniek je potrebn\u00e9 uhradi\u0165 poplatok za po\u0161tovn\u00e9 a baln\u00e9. <\/p>","protected":false},"excerpt":{"rendered":"<p>Jednod\u0148ov\u00e1 vstupenka 28. j\u00fana 2024<\/p>","protected":false},"featured_media":2202,"template":"","meta":{"om_disable_all_campaigns":false,"_monsterinsights_skip_tracking":false,"_monsterinsights_sitenote_active":false,"_monsterinsights_sitenote_note":"","_monsterinsights_sitenote_category":0,"_uf_show_specific_survey":0,"_uf_disable_surveys":false,"ngg_post_thumbnail":0},"product_brand":[],"product_cat":[17],"product_tag":[],"class_list":{"0":"post-2201","1":"product","2":"type-product","3":"status-publish","4":"has-post-thumbnail","6":"product_cat-nezaradene","8":"first","9":"outofstock","10":"sale","11":"taxable","12":"shipping-taxable","13":"purchasable","14":"product-type-simple"},"aioseo_notices":[],"jetpack_sharing_enabled":true,"_links":{"self":[{"href":"https:\/\/www.rockpodkamenom.sk\/en\/wp-json\/wp\/v2\/product\/2201","targetHints":{"allow":["GET"]}}],"collection":[{"href":"https:\/\/www.rockpodkamenom.sk\/en\/wp-json\/wp\/v2\/product"}],"about":[{"href":"https:\/\/www.rockpodkamenom.sk\/en\/wp-json\/wp\/v2\/types\/product"}],"wp:featuredmedia":[{"embeddable":true,"href":"https:\/\/www.rockpodkamenom.sk\/en\/wp-json\/wp\/v2\/media\/2202"}],"wp:attachment":[{"href":"https:\/\/www.rockpodkamenom.sk\/en\/wp-json\/wp\/v2\/media?parent=2201"}],"wp:term":[{"taxonomy":"product_brand","embeddable":true,"href":"https:\/\/www.rockpodkamenom.sk\/en\/wp-json\/wp\/v2\/product_brand?post=2201"},{"taxonomy":"product_cat","embeddable":true,"href":"https:\/\/www.rockpodkamenom.sk\/en\/wp-json\/wp\/v2\/product_cat?post=2201"},{"taxonomy":"product_tag","embeddable":true,"href":"https:\/\/www.rockpodkamenom.sk\/en\/wp-json\/wp\/v2\/product_tag?post=2201"}],"curies":[{"name":"wp","href":"https:\/\/api.w.org\/{rel}","templated":true}]}}