{"id":241,"date":"2022-04-20T14:46:28","date_gmt":"2022-04-20T12:46:28","guid":{"rendered":"https:\/\/www.rockpodkamenom.sk\/?page_id=241"},"modified":"2025-06-05T21:38:36","modified_gmt":"2025-06-05T19:38:36","slug":"vseobecne-obchodne-podmienky","status":"publish","type":"page","link":"https:\/\/www.rockpodkamenom.sk\/en\/vseobecne-obchodne-podmienky\/","title":{"rendered":"V\u0161eobecn\u00e9 obchodn\u00e9 podmienky"},"content":{"rendered":"<h1 class=\"wp-block-heading\"><\/h1>\n\n\n\n<p>Tieto v\u0161eobecne obchodne podmienky (\u010falej aj ako \u201eVOP\u201c) sa vz\u0165ahuj\u00fa na predaj, postup pri predaji vstupeniek a ich reklam\u00e1ciu v s\u00favislosti s podujat\u00edm spoluorganizovan\u00fdm s Rock pod Sninsk\u00fdm kame\u0148om, Vihorlatsk\u00e1 1423\/11, 069 01 Snina, I\u010cO:\u00a052287599, a s\u00fa neoddelite\u013enou s\u00fa\u010das\u0165ou ka\u017edej k\u00fapnej zmluvy uzatvorenej medzi Rock pod Sninsk\u00fdm kame\u0148om., pripadne v mene Rock pod Sninsk\u00fdm kame\u0148om konaj\u00facou inou osobou (\u010falej aj ako \u201epred\u00e1vaj\u00faci\u201c), v pr\u00e1vnom postaven\u00ed pred\u00e1vaj\u00faceho a fyzickou a\/alebo pr\u00e1vnickou osobou v pr\u00e1vnom postaven\u00ed kupuj\u00faceho, ktorej predmetom bude predaj vstupenky na podujatie pred\u00e1vaj\u00facim za k\u00fapnu cenu kupuj\u00facemu.<\/p>\n\n\n\n<p>\u010eal\u0161ie kontaktn\u00e9 \u00fadaje na organiz\u00e1tora:&nbsp;<br>E-mail: tickets@rockpodkamenom.sk<\/p>\n\n\n\n<p>PODUJATIE<br>Podujat\u00edm je spolo\u010densk\u00e1 akcia, ktorej jednotliv\u00e9 akcie predstavuj\u00fa slu\u017eby s\u00favisiace s \u010dinnos\u0165ami v r\u00e1mci vo\u013en\u00e9ho \u010dasu, ktor\u00e9 sa organiz\u00e1tor zav\u00e4zuje poskytn\u00fa\u0165 majite\u013eovi vstupenky v dohodnutom \u010dase alebo v dohodnutej lehote.<\/p>\n\n\n\n<p>VSTUPENKA<br>Vstupenka na podujatie je ceninou, ktor\u00e1 umo\u017e\u0148uje jej dr\u017eite\u013eovi vstup na podujatie, na ktor\u00e9 bola zak\u00fapen\u00e1.<\/p>\n\n\n\n<p>KUPUJ\u00daCI A MAJITE\u013d VSTUPENKY<br>Kupuj\u00faci je fyzick\u00e1 alebo pr\u00e1vnick\u00e1 osoba, ktor\u00e1 m\u00e1 z\u00e1ujem o zak\u00fapenie vstupeniek na podujatie a odoslala objedn\u00e1vku vstupeniek. Majite\u013e vstupenky je osoba, ktor\u00e1 sa vo vz\u0165ahu k organiz\u00e1torovi, respekt\u00edve spoluorganiz\u00e1torovi, preuk\u00e1\u017ee zak\u00fapenou vstupenkou. Zak\u00fapen\u00e9 vstupenky nie je mo\u017en\u00e9 vr\u00e1ti\u0165 organiz\u00e1torovi, ani spoluorganiz\u00e1torovi, ani ich vymeni\u0165 za in\u00e9 vstupenky, ani \u017eiada\u0165 od organiz\u00e1tora za zak\u00fapen\u00e9 vstupenky ak\u00fako\u013evek in\u00fa n\u00e1hradu alebo z\u013eavu, nie je mo\u017en\u00e9 pon\u00faka\u0165 ich komer\u010dne na \u010fal\u0161\u00ed predaj alebo svojvo\u013ene vytla\u010di\u0165 ich duplik\u00e1ty. V pr\u00edpade straty, po\u0161kodenia alebo kr\u00e1de\u017ee vstupenky organiz\u00e1tor nie je povinn\u00fd kupuj\u00facemu vystavi\u0165 n\u00e1hradn\u00fa vstupenku. Pri vstupe na podujatie sa ka\u017ed\u00e1 vstupenka predklad\u00e1 organiz\u00e1torovi, respekt\u00edve spoluorganizatorovi, na kontrolu a organiz\u00e1torom ju over\u00ed. Vstupenku nebude mo\u017en\u00e9 n\u00e1sledne op\u00e4tovne pou\u017ei\u0165 na vstup na podujatie. Sfal\u0161ovan\u00e1 vstupenka, duplicitn\u00e1 vstupenka, alebo inak po\u0161koden\u00e1 vstupenka je neplatn\u00e1 a jej dr\u017eite\u013eovi nebude po predlo\u017een\u00ed takejto vstupenky umo\u017enen\u00fd organiz\u00e1torom vstup na podujatie. Ka\u017ed\u00fd majite\u013e vstupenky je preto povinn\u00fd vstupenku chr\u00e1ni\u0165 pred jej po\u0161koden\u00edm, znehodnoten\u00edm, stratou alebo sfal\u0161ovan\u00edm.<\/p>\n\n\n\n<p>N\u00c1KUP, PREDAJ VSTUPENIEK<br>Vstupenky na podujatie je mo\u017en\u00e9 k\u00fapi\u0165 on-line, prostredn\u00edctvom webu prev\u00e1dzkovan\u00e9ho organiz\u00e1torom, respekt\u00edve spoluorganiz\u00e1torom, na internetovej str\u00e1nke www.rockpodkamenom.sk. Organiz\u00e1tor, respekt\u00edve spoluorganiz\u00e1tor, akceptuje objedn\u00e1vku v\u00fdlu\u010dne v pr\u00edpade, ak objedn\u00e1vka obsahuje v\u0161etky organiz\u00e1torom, respekt\u00edve spoluorganiz\u00e1torom,  po\u017eadovan\u00e9 \u00fadaje, najm\u00e4 \u00fadaje o kupuj\u00facom, predmete k\u00fapy, k\u00fapnej cene, sp\u00f4sobe zaplatenia k\u00fapnej ceny a \u00fadajov potrebn\u00fdch pre doru\u010denie vstupenky.<br>Kupuj\u00faci odoslan\u00edm objedn\u00e1vky on-line potvrdzuje pravdivos\u0165, spr\u00e1vnos\u0165 a \u00faplnos\u0165 tam uv\u00e1dzan\u00fdch \u00fadajov, akcept\u00e1ciu k\u00fapnej ceny objednan\u00fdch vstupeniek ako aj v\u0161etk\u00fdch \u010fal\u0161\u00edch podmienok k\u00fapy z objedn\u00e1vky vypl\u00fdvaj\u00facich a \/ alebo s objedn\u00e1vkou s\u00favisiacich, najm\u00e4 s\u00fahlas s t\u00fdmito v\u0161eobecn\u00fdmi obchodn\u00fdmi podmienkami organiz\u00e1tora, respekt\u00edve spoluorganiz\u00e1tora, (vr\u00e1tane s\u00fahlasu so spracovan\u00edm svojich osobn\u00fdch \u00fadajov). Odoslan\u00edm objedn\u00e1vky sa objedn\u00e1vka st\u00e1va pre kupuj\u00faceho z\u00e1v\u00e4znou a je pova\u017eovan\u00e1 za n\u00e1vrh na uzavretie zmluvy v zmysle ust. \u00a7 43a z\u00e1kona \u010d. 40\/1964 Zb. Ob\u010diansky z\u00e1konn\u00edk v znen\u00ed neskor\u0161\u00edch predpisov (\u010falej aj ako \u201eOZ\u201c) s mo\u017enos\u0165ou odvolania tohto n\u00e1vrhu alebo jeho zru\u0161enia len sp\u00f4sobom uveden\u00fdm v tomto ustanoven\u00ed OZ. Jej akcept\u00e1ciou organiz\u00e1torom, respekt\u00edve spoluorganiz\u00e1torom, d\u00f4jde k prijatiu n\u00e1vrhu zmluvy a t\u00fdm k uzatvoreniu k\u00fapnej zmluvy (na dia\u013eku) medzi organiz\u00e1torom ako pred\u00e1vaj\u00facim a v objedn\u00e1vke bli\u017e\u0161ie identifikovanou osobou (fyzickou, pr\u00e1vnickou) ako kupuj\u00facim a je tak z\u00e1v\u00e4zn\u00e1 aj pre organiz\u00e1tora.<\/p>\n\n\n\n<p>Po akcept\u00e1cii objedn\u00e1vky organiz\u00e1torom, respekt\u00edve spoluorganiz\u00e1torom, potvrdzuj\u00facim emailom, nie je mo\u017en\u00e9 t\u00fato objedn\u00e1vku kupuj\u00facim n\u00e1sledne stornova\u0165, meni\u0165 po\u010det a\/alebo kateg\u00f3riu objednan\u00fdch vstupeniek a\/alebo term\u00edn podujatia.<\/p>\n\n\n\n<p>Od k\u00fapnej zmluvy nie je mo\u017en\u00e9 kupuj\u00facim ako spotrebite\u013eom odst\u00fapi\u0165 v zmysle ust. \u00a7 7 ods. 6 p\u00edsm. k) z\u00e1kona \u010d. 102\/2014 Z. z. o ochrane spotrebite\u013ea pri predaji tovaru alebo poskytovan\u00ed slu\u017eieb na z\u00e1klade zmluvy uzavretej na dia\u013eku alebo zmluvy uzavretej mimo prev\u00e1dzkov\u00fdch priestorov pred\u00e1vaj\u00faceho a o zmene a doplnen\u00ed niektor\u00fdch z\u00e1konov v znen\u00ed neskor\u0161\u00edch predpisov (\u010falej aj ako \u201ez\u00e1kon o ochrane spotrebite\u013ea\u201c), nako\u013eko predmetom tejto k\u00fapnej zmluvy je poskytnutie slu\u017eieb s\u00favisiacich s \u010dinnos\u0165ami v r\u00e1mci vo\u013en\u00e9ho \u010dasu a pod\u013ea ktorej sa pred\u00e1vaj\u00faci zav\u00e4zuje poskytn\u00fa\u0165 tieto slu\u017eby v dohodnutom \u010dase alebo v dohodnutej lehote. K\u00fapna cena vstupeniek je uveden\u00e1 na internetovej str\u00e1nke organiz\u00e1tora uvedenej vy\u0161\u0161ie, a to vr\u00e1tane \u00fadajov o dani z pridanej hodnoty. K\u00fapna cena vstupeniek je kone\u010dn\u00e1 a zah\u0155\u0148a aj pr\u00edslu\u0161n\u00fa v\u00fd\u0161ku dane z pridanej hodnoty v s\u00falade s pr\u00e1vnymi predpismi.<\/p>\n\n\n\n<p>&nbsp;\u00dahrada k\u00fapnej ceny vstupeniek kupuj\u00facim je mo\u017en\u00e1 prevodom na \u00fa\u010det organiz\u00e1tora, respekt\u00edve spoluorganiz\u00e1tora. Organiz\u00e1tor, respekt\u00edve spoluorganiz\u00e1tor, v pr\u00edpade dohody m\u00f4\u017ee umo\u017eni\u0165&nbsp; za poplatok kupuj\u00facemu platbu formou dobierky. Organiz\u00e1tor, respekt\u00edve spoluorganiz\u00e1tor, doru\u010duje objednan\u00fa vstupenku kupuj\u00facemu v term\u00edne dodania uvedenom na svojej internetovej str\u00e1nke, inak najnesk\u00f4r do jedn\u00e9ho mesiaca od uhradenia vstupenky kupuj\u00facim. Pri doru\u010dovan\u00ed vstupeniek po\u0161tou je ku k\u00fapnej cene vstupeniek pripo\u010d\u00edtan\u00fd poplatok za po\u0161tov\u00fa prepravu vo v\u00fd\u0161ke stanovenej pred\u00e1vaj\u00facim. Bezprostredne po doru\u010den\u00ed vstupenky je kupuj\u00faci povinn\u00fd skontrolova\u0165 si spr\u00e1vnos\u0165 \u00fadajov vstupenky a jej nez\u00e1vadnos\u0165, neskor\u0161ie reklam\u00e1cie z tohto d\u00f4vodu nebud\u00fa organiz\u00e1torom, respekt\u00edve spoluorganiz\u00e1torom, uznan\u00e9.<\/p>\n\n\n\n<p>Predaj vstupeniek prostredn\u00edctvom www.rockpodkamenom.sk sa realizuje v\u00fdlu\u010dne na \u00fazem\u00ed Slovenska. V pr\u00edpade z\u00e1ujmu o vstupenky zo zahrani\u010dia je mo\u017en\u00e9 realizova\u0165 dohodu&nbsp; medzi pred\u00e1vaj\u00facim a kupuj\u00facim prostredn\u00edctvom emailu tickets@rockpodkamenom.sk Tak\u00e1to objedn\u00e1vka je platn\u00e1 potvrden\u00edm zo strany predaj\u00faceho.<\/p>\n\n\n\n<p>PR\u00c1VA A POVINNOSTI MAJITE\u013dA VSTUPENKY<br>Majite\u013e vstupenky je opr\u00e1vnen\u00fd pou\u017ei\u0165 vstupenku na jednorazov\u00fd vstup na podujatie, na ktor\u00e9 bola zak\u00fapen\u00e1, t. j. je opr\u00e1vnen\u00fd pou\u017ei\u0165 vstupenku len k \u00fa\u010delu, na ktor\u00fd je ur\u010den\u00e1. Predlo\u017een\u00edm vstupenky pri vstupe na podujatie majite\u013e vstupenky prejavuje svoj s\u00fahlas s pokynmi organiz\u00e1tora, respekt\u00edve spoluorganiz\u00e1tora, na mieste podujatia a podmienkami, ktor\u00e9 sa na tieto pokyny via\u017eu a \/ alebo s nimi s\u00favisia.<\/p>\n\n\n\n<p>Majite\u013e vstupenky je povinn\u00fd na vyzvanie organiz\u00e1tora resp. n\u00edm poveren\u00fdch os\u00f4b predlo\u017ei\u0165 platn\u00fd preukaz toto\u017enosti a vstupenku na podujatie.<\/p>\n\n\n\n<p>Majite\u013e vstupenky je povinn\u00fd informova\u0165 sa o podujat\u00ed, jeho pr\u00edpadn\u00fdch zmen\u00e1ch a zru\u0161en\u00ed minim\u00e1lne na internetovej str\u00e1nke organiz\u00e1tora, respekt\u00edve spoluorganiz\u00e1tora, pr\u00edpadne sledovan\u00edm diania prostredn\u00edctvom verejnopr\u00e1vnych m\u00e9di\u00ed a riadi\u0165 sa na podujat\u00ed v\u0161etk\u00fdmi organiza\u010dn\u00fdmi a bezpe\u010dnostn\u00fdmi pokynmi organiz\u00e1tora, respekt\u00edve spoluorganiz\u00e1tora, podujatia a dodr\u017eiava\u0165 v\u0161etky pr\u00e1vne predpisy. V pr\u00edpade poru\u0161enia organiza\u010dn\u00fdch a bezpe\u010dnostn\u00fdch pokynov organiz\u00e1tora majite\u013eom vstupenky, ako aj v pr\u00edpade poru\u0161enia pr\u00e1vnych predpisov majite\u013eom vstupenky si organiz\u00e1tor vyhradzuje pr\u00e1vo vyk\u00e1za\u0165 majite\u013ea vstupenky bez n\u00e1roku na ak\u00e9ko\u013evek protiplnenia z miesta konania podujatia pr\u00edpadne obmedzi\u0165 jeho pohyb na mieste podujatia. N\u00e1rok organiz\u00e1tora na n\u00e1hradu \u0161kody vo\u010di majite\u013eovi vstupenky t\u00fdm nie je dotknut\u00fd. Majite\u013e vstupenky d\u00e1va uzatvoren\u00edm k\u00fapnej zmluvy organiz\u00e1torovi ako aj ak\u00fdmko\u013evek tret\u00edm osob\u00e1m, bez n\u00e1roku na ak\u00e9ko\u013evek protiplnenie, s\u00fahlas na zhotovenie, zverejnenie a roz\u0161irovanie akejko\u013evek formy z\u00e1znamu (podobizne, obrazovej sn\u00edmky, obrazov\u00e9ho a zvukov\u00e9ho z\u00e1znamu) zhotovenej na podujat\u00ed alebo v s\u00favislosti s n\u00edm, na umeleck\u00e9 \u00fa\u010dely, reklamn\u00e9 \u00fa\u010dely organiz\u00e1tora alebo partnerov podujatia a pre tla\u010dov\u00e9, rozhlasov\u00e9 a telev\u00edzne spravodajstvo.<\/p>\n\n\n\n<p>PR\u00c1VA A POVINNOSTI ORGANIZ\u00c1TORA  A SPOLUORGANIZ\u00c1TORA<br>Organiz\u00e1tor a spoluorganiz\u00e1tor si vyhradzuje pr\u00e1vo zmeni\u0165 rozsah podujatia ako aj zru\u0161i\u0165 podujatie bez ak\u00e9hoko\u013evek n\u00e1roku majite\u013eov vstupeniek\/kupuj\u00facich vo\u010di organiz\u00e1torovi, respekt\u00edve spoluorganiz\u00e1torovi, na z\u013eavu alebo na vr\u00e1tenie k\u00fapnej ceny vstupenky alebo n\u00e1hradu ak\u00fdchko\u013evek v\u00fddavkov spojen\u00fdch s ich \u00fa\u010das\u0165ou na podujat\u00ed (ako napr. ubytovanie, cestovn\u00e9, strava a pod.), resp. n\u00e1roku na n\u00e1hradu \u0161kody vzniknutej z tohto d\u00f4vodu majite\u013eom vstupeniek\/kupuj\u00facim, a to najm\u00e4 v pr\u00edpade nepriazniv\u00e9ho po\u010dasia a\/alebo hrozby teroristick\u00e9ho \u00fatoku, nariadenia pr\u00edslu\u0161n\u00fdch org\u00e1nov verejnej moci, resp. existencie in\u00e9ho rizika ohrozenia zdravia, \u017eivotov alebo rozsiahlych materi\u00e1lnych \u0161k\u00f4d na majetku tret\u00edch os\u00f4b.<\/p>\n\n\n\n<p>Organiz\u00e1tor, respekt\u00edve spoluorganiz\u00e1tor, zverejn\u00ed inform\u00e1ciu o zru\u0161en\u00ed podujatia alebo zmene rozsahu podujatia bezodkladne po tom, ako nastane skuto\u010dnos\u0165 a\/alebo okolnos\u0165, ktor\u00e1 je d\u00f4vodom zru\u0161enia podujatia.<\/p>\n\n\n\n<p>Organiz\u00e1tor, respekt\u00edve spoluorganiz\u00e1tor, nezodpoved\u00e1 kupuj\u00facim\/majite\u013eom vstupeniek za \u0161kody sp\u00f4soben\u00e9 v d\u00f4sledku alebo v s\u00favislosti s ome\u0161kan\u00edm podujatia, zru\u0161en\u00edm (nekonan\u00edm sa) podujatia z d\u00f4vodov uveden\u00fdch vy\u0161\u0161ie alebo in\u00fdmi zmenami t\u00fdkaj\u00facimi sa podujatia. Organiz\u00e1tor, respekt\u00edve spoluorganiz\u00e1tor, nezodpoved\u00e1 kupuj\u00facim za nespr\u00e1vne vytla\u010denie vstupeniek kupuj\u00facimi, za nedoru\u010denie vstupeniek prostredn\u00edctvom po\u0161tov\u00e9ho podniku a\/alebo kuri\u00e9rskej slu\u017eby v d\u00f4sledku zadania do objedn\u00e1vky nespr\u00e1vnych a\/alebo ne\u00fapln\u00fdch \u00fadajov potrebn\u00fdch pre doru\u010denie z\u00e1sielky, v d\u00f4sledku pochybenia po\u0161tovn\u00e9ho podniku a\/alebo kuri\u00e9rskej slu\u017eby alebo v d\u00f4sledku skuto\u010dnosti, \u017ee adres\u00e1t je nezn\u00e1my, resp. \u017ee sa nezdr\u017euje na adrese doru\u010denia v \u010dase doru\u010denia.<\/p>\n\n\n\n<p>REKLAM\u00c1CIE, S\u0164A\u017dNOSTI A PODNETY<br>V s\u00favislosti s reklam\u00e1ciami s\u00fa kupuj\u00faci\/majitelia vstupeniek povinn\u00ed postupova\u0165 v zmysle z\u00e1kona o ochrane spotrebite\u013ea pri predaji na dia\u013eku, z\u00e1kona o ochrane spotrebite\u013ea, pr\u00edpadne in\u00fdch relevantn\u00fdch pr\u00e1vnych predpisov, najm\u00e4 OZ a OBCHZ.<\/p>\n\n\n\n<p>V pr\u00edpade s\u0165a\u017enost\u00ed a podnetov je mo\u017en\u00e9 kontaktova\u0165 organiz\u00e1tora, respekt\u00edve spoluorganiz\u00e1tora e-mailom na e-mailov\u00fa adresu: tickets@rockpodkamenom.sk alebo p\u00edsomne na adresu spoluorganizovan\u00fdm Rock pod Sninsk\u00fdm kame\u0148om, Vihorlatsk\u00e1 1423\/11, 069 01 Snina.<\/p>\n\n\n\n<p>OCHRANA OSOBN\u00ddCH \u00daDAJOV<br>Kupuj\u00faci odoslan\u00edm objedn\u00e1vky vstupeniek vyjadruje v zmysle pr\u00edslu\u0161n\u00fdch ustanoven\u00ed z\u00e1kona \u010d. 122\/2013 Z. z. o ochrane osobn\u00fdch \u00fadajov a o zmene a doplnen\u00ed niektor\u00fdch z\u00e1konov v znen\u00ed neskor\u0161\u00edch predpisov (\u010falej aj ako \u201ez\u00e1kon o ochrane osobn\u00fdch \u00fadajov\u201c) svoj s\u00fahlas so sprac\u00favan\u00edm osobn\u00fdch \u00fadajov uveden\u00fdch v objedn\u00e1vke organiz\u00e1torovi pr\u00edpadne n\u00edm poverenou tre\u0165ou osobou na \u00fa\u010dely vybavenia objedn\u00e1vky a splnenia povinnost\u00ed organiz\u00e1tora ako pred\u00e1vaj\u00faceho z k\u00fapnej zmluvy a \u010fal\u0161ej komunik\u00e1cie s kupuj\u00facim, a to na dobu ur\u010dit\u00fa, do splnenia \u00fa\u010delu sprac\u00favania osobn\u00fdch \u00fadajov kupuj\u00faceho. Organiz\u00e1tor po splnen\u00ed \u00fa\u010delu sprac\u00favania osobn\u00fdch \u00fadajov kupuj\u00faceho zabezpe\u010d\u00ed bezodkladn\u00fa likvid\u00e1ciu osobn\u00fdch \u00fadajov kupuj\u00faceho. S\u00fahlas so sprac\u00favan\u00edm osobn\u00fdch \u00fadajov m\u00f4\u017ee kupuj\u00faci odvola\u0165 kedyko\u013evek p\u00edsomnou formou na adrese s\u00eddla organiz\u00e1tora.<\/p>\n\n\n\n<p>Inform\u00e1cia o mo\u017enosti a podmienkach rie\u0161enia sporu prostredn\u00edctvom syst\u00e9mu alternat\u00edvneho rie\u0161enia sporov<\/p>\n\n\n\n<p>V pr\u00edpade, \u017ee kupuj\u00faci - spotrebite\u013e nebol spokojn\u00fd s vybaven\u00edm reklam\u00e1cie organiz\u00e1torom, respekt\u00edve spoluorganiz\u00e1torom, alebo ke\u010f sa kupuj\u00faci \u2013 spotrebite\u013e obr\u00e1til na organiz\u00e1tora, respekt\u00edve spoluorganiz\u00e1tora, so \u017eiados\u0165ou o n\u00e1pravu a nebol spokojn\u00fd so sp\u00f4sobom, ktor\u00fdm organiz\u00e1tor vybavil jeho reklam\u00e1ciu alebo ak sa domnieva, \u017ee organiz\u00e1tor, respekt\u00edve spoluorganiz\u00e1tor, poru\u0161il jeho pr\u00e1va, m\u00e1 kupuj\u00faci \u2013 spotrebite\u013e pr\u00e1vo obr\u00e1ti\u0165 sa na organiz\u00e1tora, respekt\u00edve spoluorganiz\u00e1tora, so \u017eiados\u0165ou o n\u00e1pravu. Ak organiz\u00e1tor, respekt\u00edve spoluorganiz\u00e1tor, na tak\u00fato \u017eiados\u0165 odpovie zamietavo alebo na \u0148u neodpovie do 30 dn\u00ed odo d\u0148a jej odoslania, m\u00e1 kupuj\u00faci \u2013 spotrebite\u013e pr\u00e1vo poda\u0165 n\u00e1vrh na za\u010datie alternat\u00edvneho rie\u0161enia sporu subjektu alternat\u00edvneho rie\u0161enia sporov. Subjektom alternat\u00edvneho rie\u0161enia sporov je Slovensk\u00e1 obchodn\u00e1 in\u0161pekcia, Prievozsk\u00e1 32, P.O. Box 5, 820 07 Bratislava 27, resp. in\u00e1 pr\u00edslu\u0161n\u00e1 opr\u00e1vnen\u00e1 pr\u00e1vnick\u00e1 osoba zap\u00edsan\u00e1 v zozname subjektov alternat\u00edvneho rie\u0161enia sporov vedenom Ministerstvom hospod\u00e1rstva Slovenskej republiky (zoznam je dostupn\u00fd na str\u00e1nke www.mhsr.sk ). Kupuj\u00faci \u2013 spotrebite\u013e je opr\u00e1vnen\u00fd si vybra\u0165 subjekt alternat\u00edvneho rie\u0161enia spotrebite\u013esk\u00fdch sporov na ktor\u00fd sa obr\u00e1ti. Spotrebite\u013e m\u00f4\u017ee na podanie n\u00e1vrhu na alternat\u00edvne rie\u0161enie svojho sporu vyu\u017ei\u0165 platformu pre rie\u0161enie sporov on-line, ktor\u00e1 je dostupn\u00e1 na webovej str\u00e1nke http:\/\/ec.europa.eu\/consumers\/odr\/.<\/p>\n\n\n\n<p>Z\u00c1VERE\u010cN\u00c9 USTANOVENIA<br>Organiz\u00e1tor, respekt\u00edve spoluorganiz\u00e1tor, je opr\u00e1vnen\u00fd meni\u0165 a dop\u013a\u0148a\u0165 tieto v\u0161eobecn\u00e9 obchodn\u00e9 podmienky. Organiz\u00e1tor, respekt\u00edve spoluorganiz\u00e1tor, je povinn\u00fd zmenen\u00e9 v\u0161eobecn\u00e9 obchodn\u00e9 podmienky zverejni\u0165 v\u017edy na svojej internetovej str\u00e1nke www.rockpodkamenom.sk najnesk\u00f4r ku d\u0148u \u00fa\u010dinnosti ich zmeny.<\/p>\n\n\n\n<p>Na pr\u00e1vne vz\u0165ahy s\u00favisiace s predajom vstupeniek na podujatie sa podporne vz\u0165ahuj\u00fa pr\u00edslu\u0161n\u00e9 pr\u00e1vne predpisy, najm\u00e4 z\u00e1kon o ochrane spotrebite\u013ea pri predaji tovaru na dia\u013eku, z\u00e1kon o ochrane spotrebite\u013e, OZ, OBCHZ.<\/p>\n\n\n\n<p>Tieto VOP nadob\u00fadaj\u00fa platnos\u0165 a \u00fa\u010dinnos\u0165 d\u0148om 01.01.2022.<\/p>\n\n\n\n<p><\/p>","protected":false},"excerpt":{"rendered":"<p>Tieto v\u0161eobecne obchodne podmienky (\u010falej aj ako \u201eVOP\u201c) sa vz\u0165ahuj\u00fa na predaj, postup pri predaji vstupeniek a ich reklam\u00e1ciu v s\u00favislosti s podujat\u00edm spoluorganizovan\u00fdm s Rock pod Sninsk\u00fdm kame\u0148om, Vihorlatsk\u00e1 1423\/11, 069 01 Snina, I\u010cO:\u00a052287599, a s\u00fa neoddelite\u013enou s\u00fa\u010das\u0165ou ka\u017edej k\u00fapnej zmluvy uzatvorenej medzi Rock pod Sninsk\u00fdm kame\u0148om., pripadne v mene Rock pod Sninsk\u00fdm kame\u0148om [&hellip;]<\/p>\n","protected":false},"author":1,"featured_media":0,"parent":0,"menu_order":0,"comment_status":"closed","ping_status":"closed","template":"","meta":{"om_disable_all_campaigns":false,"_monsterinsights_skip_tracking":false,"_monsterinsights_sitenote_active":false,"_monsterinsights_sitenote_note":"","_monsterinsights_sitenote_category":0,"_uf_show_specific_survey":0,"_uf_disable_surveys":false,"ngg_post_thumbnail":0,"footnotes":""},"class_list":["post-241","page","type-page","status-publish","hentry"],"aioseo_notices":[],"jetpack_sharing_enabled":true,"_links":{"self":[{"href":"https:\/\/www.rockpodkamenom.sk\/en\/wp-json\/wp\/v2\/pages\/241","targetHints":{"allow":["GET"]}}],"collection":[{"href":"https:\/\/www.rockpodkamenom.sk\/en\/wp-json\/wp\/v2\/pages"}],"about":[{"href":"https:\/\/www.rockpodkamenom.sk\/en\/wp-json\/wp\/v2\/types\/page"}],"author":[{"embeddable":true,"href":"https:\/\/www.rockpodkamenom.sk\/en\/wp-json\/wp\/v2\/users\/1"}],"replies":[{"embeddable":true,"href":"https:\/\/www.rockpodkamenom.sk\/en\/wp-json\/wp\/v2\/comments?post=241"}],"version-history":[{"count":4,"href":"https:\/\/www.rockpodkamenom.sk\/en\/wp-json\/wp\/v2\/pages\/241\/revisions"}],"predecessor-version":[{"id":3134,"href":"https:\/\/www.rockpodkamenom.sk\/en\/wp-json\/wp\/v2\/pages\/241\/revisions\/3134"}],"wp:attachment":[{"href":"https:\/\/www.rockpodkamenom.sk\/en\/wp-json\/wp\/v2\/media?parent=241"}],"curies":[{"name":"wp","href":"https:\/\/api.w.org\/{rel}","templated":true}]}}