{"id":210,"date":"2022-04-16T00:49:35","date_gmt":"2022-04-15T22:49:35","guid":{"rendered":"https:\/\/www.rockpodkamenom.sk\/?page_id=210"},"modified":"2025-12-16T14:12:21","modified_gmt":"2025-12-16T13:12:21","slug":"kapely","status":"publish","type":"page","link":"https:\/\/www.rockpodkamenom.sk\/en\/kapely\/","title":{"rendered":"Kapely"},"content":{"rendered":"<h1 class=\"wp-block-heading has-text-align-center\">Interpreti<\/h1>\n\n\n\n<p class=\"has-text-align-center\">Pre aktu\u00e1lny ro\u010dn\u00edk ROCK POD KAME\u0147OM 2026 sme pre V\u00e1s pripravili t\u00fdchto skvel\u00fdch interpretov.<\/p>\n\n\n\n<p class=\"has-text-align-center\">Usporiadate\u013e si vyhradzuje pr\u00e1vo na zmenu programu a miesta konania. Zl\u00e9 po\u010dasie nie je d\u00f4vodom na zru\u0161enie akcie.<\/p>","protected":false},"excerpt":{"rendered":"<p>Interpreti Pre aktu\u00e1lny ro\u010dn\u00edk ROCK POD KAME\u0147OM 2026 sme pre V\u00e1s pripravili t\u00fdchto skvel\u00fdch interpretov. Usporiadate\u013e si vyhradzuje pr\u00e1vo na zmenu programu a miesta konania. Zl\u00e9 po\u010dasie nie je d\u00f4vodom na zru\u0161enie akcie.<\/p>","protected":false},"author":1,"featured_media":0,"parent":0,"menu_order":0,"comment_status":"closed","ping_status":"closed","template":"","meta":{"om_disable_all_campaigns":false,"_monsterinsights_skip_tracking":false,"_monsterinsights_sitenote_active":false,"_monsterinsights_sitenote_note":"","_monsterinsights_sitenote_category":0,"_uf_show_specific_survey":0,"_uf_disable_surveys":false,"ngg_post_thumbnail":0,"footnotes":""},"class_list":["post-210","page","type-page","status-publish","hentry"],"aioseo_notices":[],"jetpack_sharing_enabled":true,"_links":{"self":[{"href":"https:\/\/www.rockpodkamenom.sk\/en\/wp-json\/wp\/v2\/pages\/210","targetHints":{"allow":["GET"]}}],"collection":[{"href":"https:\/\/www.rockpodkamenom.sk\/en\/wp-json\/wp\/v2\/pages"}],"about":[{"href":"https:\/\/www.rockpodkamenom.sk\/en\/wp-json\/wp\/v2\/types\/page"}],"author":[{"embeddable":true,"href":"https:\/\/www.rockpodkamenom.sk\/en\/wp-json\/wp\/v2\/users\/1"}],"replies":[{"embeddable":true,"href":"https:\/\/www.rockpodkamenom.sk\/en\/wp-json\/wp\/v2\/comments?post=210"}],"version-history":[{"count":5,"href":"https:\/\/www.rockpodkamenom.sk\/en\/wp-json\/wp\/v2\/pages\/210\/revisions"}],"predecessor-version":[{"id":3605,"href":"https:\/\/www.rockpodkamenom.sk\/en\/wp-json\/wp\/v2\/pages\/210\/revisions\/3605"}],"wp:attachment":[{"href":"https:\/\/www.rockpodkamenom.sk\/en\/wp-json\/wp\/v2\/media?parent=210"}],"curies":[{"name":"wp","href":"https:\/\/api.w.org\/{rel}","templated":true}]}}